{"id":2826,"date":"2015-08-25T11:42:01","date_gmt":"2015-08-25T11:42:01","guid":{"rendered":"http:\/\/accademyc-dance.com\/wordpress\/?page_id=2826"},"modified":"2015-08-25T11:42:15","modified_gmt":"2015-08-25T11:42:15","slug":"swing-dance-e-lindy-hop","status":"publish","type":"page","link":"http:\/\/accademyc-dance.com\/wordpress\/?page_id=2826","title":{"rendered":"Swing Dance e Lindy Hop"},"content":{"rendered":"<h2 style=\"text-align: center;\"><a href=\"http:\/\/accademyc-dance.com\/wordpress\/wp-content\/uploads\/2015\/08\/001-swing_dance.jpg\"><img loading=\"lazy\" class=\"aligncenter  wp-image-2827\" src=\"http:\/\/accademyc-dance.com\/wordpress\/wp-content\/uploads\/2015\/08\/001-swing_dance.jpg\" alt=\"001 - swing_dance\" width=\"215\" height=\"204\" \/><\/a><\/h2>\n<h2 style=\"text-align: center;\"><span style=\"color: #ff0000;\"><strong>Che cos&#8217;\u00e8 il lindy hop?<\/strong><\/span><\/h2>\n<p style=\"text-align: center;\">Il lindy hop \u00e8 una danza afroamericana nata ad Harlem negli anni &#8217;20-&#8217;30,si balla sulla musica swing originale,<\/p>\n<p style=\"text-align: center;\">\u00e8 un ballo di coppia ma non si escludono alcuni passi da eseguire da soli, include passi di charleston, shag, tip tap e figure molto spettacolari acrobatiche.<\/p>\n<p style=\"text-align: center;\">Noi cerchiamo di condividere e diffondere questo ballo, con lo spirito del divertimento, ma con un occhio di riguardo alla tecnica, originalit\u00e0 del ballo e della musica.<\/p>\n<p>&nbsp;<\/p>\n<h2 style=\"text-align: center;\"><strong><span style=\"color: #ff0000;\">Che cos&#8217;\u00e8 lo Swing Dance?<\/span><\/strong><\/h2>\n<p style=\"text-align: center;\">Per definizione il Lindy Hop si balla sulla musica swing, uno stile musicale popolare negli anni &#8217;30 e &#8217;40\u00a0 ed \u00e8 quello che<\/p>\n<p style=\"text-align: center;\">lo differenzia da altri balli successivi come il\u00a0Rock \u2018n Roll, il Rockabilly, il\u00a0Jive, il Boogie Woogie,lo West Coast Swing.<\/p>\n<p style=\"text-align: center;\">Questi discipline sono successive al Lindy Hop e vengono tutte ballate su altri generi musicali.<\/p>\n<p style=\"text-align: center;\">Il Lindy Hop \u00e8 il ballo Swing pi\u00f9 autentico.<\/p>\n<p style=\"text-align: center;\">Ovviamente si pu\u00f2 ballare anche su altri tipi di musica, ma non sar\u00e0 mai cos\u00ec spettacolare come ballarlo sulla sua musica originale.<\/p>\n<p style=\"text-align: center;\">Cio&#8217; che caratterizza il lindy hop \u00e8 il movimento, quell&#8217;oscillazione continua che non si arresta mai. il BOUNCE.<\/p>\n<p style=\"text-align: center;\">Il\u00a0Lindy Hop si \u00e8 evoluto nel tempo insieme al Jazz, per questo risponde esattamente alla natura della musica su cui \u00e8 stato creato.<\/p>\n<p style=\"text-align: center;\">I\u00a0ballerini di Lindy hop interpretano il brano,improvvisano lo stop musicale \u00a0o una qulsiasi sfumatura musicale creata da uno strumento,<\/p>\n<p style=\"text-align: center;\">tutto cio&#8217; accade con brani che conoscono,ma anche su brani sconosciuti,questo \u00e8 il bello!!!<\/p>\n<p style=\"text-align: center;\">Aspettarsi qualcosa dalla musica e condividerlo in movimenti con il proprio partner con cui si balla in quel momento.<\/p>\n","protected":false},"excerpt":{"rendered":"<p>Che cos&#8217;\u00e8 il lindy hop? Il lindy hop \u00e8 una danza afroamericana nata ad Harlem negli anni &#8217;20-&#8217;30,si balla sulla musica swing originale, \u00e8 un ballo di coppia ma non si escludono alcuni passi da eseguire da soli, include passi di charleston, shag, tip tap e figure molto spettacolari acrobatiche. Noi cerchiamo di condividere e<a href=\"http:\/\/accademyc-dance.com\/wordpress\/?page_id=2826\">[&#8230;]<\/a><\/p>\n","protected":false},"author":3,"featured_media":0,"parent":2,"menu_order":7,"comment_status":"open","ping_status":"open","template":"","meta":[],"_links":{"self":[{"href":"http:\/\/accademyc-dance.com\/wordpress\/index.php?rest_route=\/wp\/v2\/pages\/2826"}],"collection":[{"href":"http:\/\/accademyc-dance.com\/wordpress\/index.php?rest_route=\/wp\/v2\/pages"}],"about":[{"href":"http:\/\/accademyc-dance.com\/wordpress\/index.php?rest_route=\/wp\/v2\/types\/page"}],"author":[{"embeddable":true,"href":"http:\/\/accademyc-dance.com\/wordpress\/index.php?rest_route=\/wp\/v2\/users\/3"}],"replies":[{"embeddable":true,"href":"http:\/\/accademyc-dance.com\/wordpress\/index.php?rest_route=%2Fwp%2Fv2%2Fcomments&post=2826"}],"version-history":[{"count":1,"href":"http:\/\/accademyc-dance.com\/wordpress\/index.php?rest_route=\/wp\/v2\/pages\/2826\/revisions"}],"predecessor-version":[{"id":2828,"href":"http:\/\/accademyc-dance.com\/wordpress\/index.php?rest_route=\/wp\/v2\/pages\/2826\/revisions\/2828"}],"up":[{"embeddable":true,"href":"http:\/\/accademyc-dance.com\/wordpress\/index.php?rest_route=\/wp\/v2\/pages\/2"}],"wp:attachment":[{"href":"http:\/\/accademyc-dance.com\/wordpress\/index.php?rest_route=%2Fwp%2Fv2%2Fmedia&parent=2826"}],"curies":[{"name":"wp","href":"https:\/\/api.w.org\/{rel}","templated":true}]}}