{"id":449,"date":"2013-05-06T12:46:43","date_gmt":"2013-05-06T12:46:43","guid":{"rendered":"http:\/\/accademyc-dance.com\/wordpress\/?page_id=449"},"modified":"2025-08-27T10:05:37","modified_gmt":"2025-08-27T10:05:37","slug":"news","status":"publish","type":"page","link":"http:\/\/accademyc-dance.com\/wordpress\/?page_id=449","title":{"rendered":"NEWS"},"content":{"rendered":"\n<div class=\"wp-block-media-text alignwide is-stacked-on-mobile\"><figure class=\"wp-block-media-text__media\"><video controls src=\"http:\/\/accademyc-dance.com\/wordpress\/wp-content\/uploads\/2025\/08\/Inserzione-FB.mp4\"><\/video><\/figure><div class=\"wp-block-media-text__content\">\n<p class=\"has-large-font-size\"><strong>SONO APERTE LE ISCRIZIONI<\/strong><\/p>\n\n\n\n<p>PER LA STAGIONE ACCADEMICA <\/p>\n\n\n\n<p>2025\/2026<\/p>\n<\/div><\/div>\n\n\n\n<p><strong>Sostieni la passione, l\u2019arte e il futuro dei nostri giovani talenti!<\/strong><br>Con una semplice firma puoi fare la differenza: dona il tuo <strong>5&#215;1000<\/strong> all\u2019<strong>Associazione Accademyc Dance<\/strong>.<br><strong>Codice Fiscale: 94073690219<\/strong><br>\ud83d\udcab <strong>Firma nel riquadro \u201cSostegno agli enti del Terzo Settore\u201d nella tua dichiarazione dei redditi.<\/strong><\/p>\n\n\n\n<p><strong>Grazie di cuore da parte di tutti noi: genitori, amici, ballerini e sognatori!<\/strong><\/p>\n\n\n\n<figure class=\"wp-block-image size-large\"><a href=\"http:\/\/accademyc-dance.com\/wordpress\/wp-content\/uploads\/2025\/04\/5x1000-1-scaled.jpg\"><img loading=\"lazy\" width=\"724\" height=\"1024\" src=\"http:\/\/accademyc-dance.com\/wordpress\/wp-content\/uploads\/2025\/04\/5x1000-1-724x1024.jpg\" alt=\"\" class=\"wp-image-4952\" srcset=\"http:\/\/accademyc-dance.com\/wordpress\/wp-content\/uploads\/2025\/04\/5x1000-1-724x1024.jpg 724w, http:\/\/accademyc-dance.com\/wordpress\/wp-content\/uploads\/2025\/04\/5x1000-1-212x300.jpg 212w, http:\/\/accademyc-dance.com\/wordpress\/wp-content\/uploads\/2025\/04\/5x1000-1-768x1086.jpg 768w, http:\/\/accademyc-dance.com\/wordpress\/wp-content\/uploads\/2025\/04\/5x1000-1-1086x1536.jpg 1086w, http:\/\/accademyc-dance.com\/wordpress\/wp-content\/uploads\/2025\/04\/5x1000-1-1448x2048.jpg 1448w, http:\/\/accademyc-dance.com\/wordpress\/wp-content\/uploads\/2025\/04\/5x1000-1-scaled.jpg 1810w\" sizes=\"(max-width: 724px) 100vw, 724px\" \/><\/a><\/figure>\n\n\n\n<h2><strong><em>Per te e per i tuoi figli scegli il meglio !<\/em><\/strong><\/h2>\n\n\n\n<p>Cari appassionati della danza,<\/p>\n\n\n\n<p>\u00c8 con immensa gioia che vi diamo il benvenuto ai nostri corsi presso l&#8217;Accademyc Dance di Bolzano! Siamo felici di riunirci nuovamente per condividere la magia della danza e l&#8217;arte che ci unisce.<\/p>\n\n\n\n<p>Quest&#8217;anno, insieme, ci immergeremo in un viaggio emozionante attraverso movimenti, espressione e creativit\u00e0. Siamo certi che le vostre passioni e il vostro impegno porteranno a meravigliose performance e a una crescita personale straordinaria.<\/p>\n\n\n\n<p>L&#8217;Accademyc Dance \u00e8 molto pi\u00f9 di una scuola, \u00e8 una famiglia in cui ognuno di voi contribuisce a creare un ambiente di sostegno e ispirazione. Siamo grati per la fiducia che avete riposto in noi e siamo ansiosi di guidarvi lungo questo percorso di apprendimento e scoperta.<\/p>\n\n\n\n<p>Preparatevi a ballare, a sognare e a superare i vostri limiti. Siamo pronti a dare il massimo per far s\u00ec che ogni passo che farete con noi sia un passo verso la realizzazione dei vostri sogni.<\/p>\n\n\n\n<p>Benvenuti all&#8217;Accademyc Dance di Bolzano! Che questo anno sia ricco di sorprese, successi e momenti indimenticabili.<\/p>\n\n\n\n<p>Con affetto e entusiasmo,<\/p>\n\n\n\n<p><strong>Accademyc Dance Team<\/strong><\/p>\n\n\n\n<p><\/p>\n\n\n\n<figure class=\"wp-block-image size-large\"><a href=\"http:\/\/accademyc-dance.com\/wordpress\/wp-content\/uploads\/2022\/09\/PLANNING-WEB-scaled.jpg\"><img loading=\"lazy\" width=\"953\" height=\"1024\" src=\"http:\/\/accademyc-dance.com\/wordpress\/wp-content\/uploads\/2022\/09\/PLANNING-WEB-953x1024.jpg\" alt=\"\" class=\"wp-image-4833\" srcset=\"http:\/\/accademyc-dance.com\/wordpress\/wp-content\/uploads\/2022\/09\/PLANNING-WEB-953x1024.jpg 953w, http:\/\/accademyc-dance.com\/wordpress\/wp-content\/uploads\/2022\/09\/PLANNING-WEB-279x300.jpg 279w, http:\/\/accademyc-dance.com\/wordpress\/wp-content\/uploads\/2022\/09\/PLANNING-WEB-768x826.jpg 768w, http:\/\/accademyc-dance.com\/wordpress\/wp-content\/uploads\/2022\/09\/PLANNING-WEB-1429x1536.jpg 1429w, http:\/\/accademyc-dance.com\/wordpress\/wp-content\/uploads\/2022\/09\/PLANNING-WEB-1905x2048.jpg 1905w\" sizes=\"(max-width: 953px) 100vw, 953px\" \/><\/a><\/figure>\n\n\n\n<p><\/p>\n\n\n\n<p><\/p>\n\n\n\n<h2><span class=\"has-inline-color has-luminous-vivid-orange-color\"><strong>novit\u00e0 HOT<\/strong> !!<\/span> <\/h2>\n\n\n\n<figure class=\"wp-block-image size-large\"><a href=\"http:\/\/accademyc-dance.com\/wordpress\/wp-content\/uploads\/2023\/09\/BALLI-DI-GRUPPO-1.jpeg\"><img loading=\"lazy\" width=\"640\" height=\"458\" src=\"http:\/\/accademyc-dance.com\/wordpress\/wp-content\/uploads\/2023\/09\/BALLI-DI-GRUPPO-1.jpeg\" alt=\"\" class=\"wp-image-4927\" srcset=\"http:\/\/accademyc-dance.com\/wordpress\/wp-content\/uploads\/2023\/09\/BALLI-DI-GRUPPO-1.jpeg 640w, http:\/\/accademyc-dance.com\/wordpress\/wp-content\/uploads\/2023\/09\/BALLI-DI-GRUPPO-1-300x215.jpeg 300w\" sizes=\"(max-width: 640px) 100vw, 640px\" \/><\/a><\/figure>\n\n\n\n<p>Benvenuti nei nostri coinvolgenti corso di balli di gruppo! Se desiderate imparare a ballare in un ambiente divertente ed esclusivo, siete nel posto giusto. I nostri istruttori esperti vi guideranno attraverso una variet\u00e0 di stili di ballo, dalla salsa al tango, creando un\u2019atmosfera amichevole dove fare nuove amicizie \u00e8 garantito. Unitevi a noi per scoprire il piacere di muoversi a ritmo di musica e vivere esperienze indimenticabili sulla pista da ballo. Venite a ballare con noi e lasciatevi trasportare dalla magia della danza!\u201d<\/p>\n\n\n\n<figure class=\"wp-block-image size-large is-resized\"><a href=\"http:\/\/accademyc-dance.com\/wordpress\/wp-content\/uploads\/2022\/09\/40-anniversary.png\"><img loading=\"lazy\" src=\"http:\/\/accademyc-dance.com\/wordpress\/wp-content\/uploads\/2022\/09\/40-anniversary-1024x853.png\" alt=\"\" class=\"wp-image-4835\" width=\"300\" height=\"250\" srcset=\"http:\/\/accademyc-dance.com\/wordpress\/wp-content\/uploads\/2022\/09\/40-anniversary-1024x853.png 1024w, http:\/\/accademyc-dance.com\/wordpress\/wp-content\/uploads\/2022\/09\/40-anniversary-300x250.png 300w, http:\/\/accademyc-dance.com\/wordpress\/wp-content\/uploads\/2022\/09\/40-anniversary-768x640.png 768w, http:\/\/accademyc-dance.com\/wordpress\/wp-content\/uploads\/2022\/09\/40-anniversary-1536x1280.png 1536w, http:\/\/accademyc-dance.com\/wordpress\/wp-content\/uploads\/2022\/09\/40-anniversary.png 1590w\" sizes=\"(max-width: 300px) 100vw, 300px\" \/><\/a><\/figure>\n\n\n<p><\/p>\n<h1 style=\"text-align: center;\"><span style=\"color: #00ff00;\"><span style=\"text-decoration: underline;\">40 anni di attivit\u00e0 professionale !!<\/span> <\/span><\/h1>\n<h1 style=\"text-align: center;\"><span style=\"color: #3366ff;\"><strong>per i bimbi ed i ragazzi corsi di<\/strong><\/span><\/h1>\n<h1 style=\"text-align: center;\"><span style=\"color: #3366ff;\"><strong>Danza e BILINGUISMO<\/strong><\/span><\/h1>\n<p><img loading=\"lazy\" class=\"aligncenter wp-image-3038\" src=\"http:\/\/accademyc-dance.com\/wordpress\/wp-content\/uploads\/2013\/05\/corsi-di-danza-multilingue-7-1024x722.jpg\" alt=\"corsi-di-danza-multilingue-7\" width=\"604\" height=\"426\" srcset=\"http:\/\/accademyc-dance.com\/wordpress\/wp-content\/uploads\/2013\/05\/corsi-di-danza-multilingue-7-1024x722.jpg 1024w, http:\/\/accademyc-dance.com\/wordpress\/wp-content\/uploads\/2013\/05\/corsi-di-danza-multilingue-7-300x211.jpg 300w, http:\/\/accademyc-dance.com\/wordpress\/wp-content\/uploads\/2013\/05\/corsi-di-danza-multilingue-7-768x541.jpg 768w\" sizes=\"(max-width: 604px) 100vw, 604px\" \/><\/p>\n<p><img loading=\"lazy\" class=\"aligncenter wp-image-4640\" src=\"http:\/\/accademyc-dance.com\/wordpress\/wp-content\/uploads\/2013\/05\/ISCRIZIONI-SEMPRE-APERTE.png\" alt=\"ISCRIZIONI SEMPRE APERTE\" width=\"314\" height=\"314\" srcset=\"http:\/\/accademyc-dance.com\/wordpress\/wp-content\/uploads\/2013\/05\/ISCRIZIONI-SEMPRE-APERTE.png 886w, http:\/\/accademyc-dance.com\/wordpress\/wp-content\/uploads\/2013\/05\/ISCRIZIONI-SEMPRE-APERTE-150x150.png 150w, http:\/\/accademyc-dance.com\/wordpress\/wp-content\/uploads\/2013\/05\/ISCRIZIONI-SEMPRE-APERTE-300x300.png 300w, http:\/\/accademyc-dance.com\/wordpress\/wp-content\/uploads\/2013\/05\/ISCRIZIONI-SEMPRE-APERTE-768x768.png 768w, http:\/\/accademyc-dance.com\/wordpress\/wp-content\/uploads\/2013\/05\/ISCRIZIONI-SEMPRE-APERTE-250x250.png 250w, http:\/\/accademyc-dance.com\/wordpress\/wp-content\/uploads\/2013\/05\/ISCRIZIONI-SEMPRE-APERTE-174x174.png 174w\" sizes=\"(max-width: 314px) 100vw, 314px\" \/><\/p>\n<p style=\"text-align: center;\"><img loading=\"lazy\" class=\"aligncenter size-full wp-image-2832\" src=\"http:\/\/accademyc-dance.com\/wordpress\/wp-content\/uploads\/2015\/08\/Yogaaa.jpg\" alt=\"Yogaaa\" width=\"679\" height=\"960\" srcset=\"http:\/\/accademyc-dance.com\/wordpress\/wp-content\/uploads\/2015\/08\/Yogaaa.jpg 679w, http:\/\/accademyc-dance.com\/wordpress\/wp-content\/uploads\/2015\/08\/Yogaaa-212x300.jpg 212w\" sizes=\"(max-width: 679px) 100vw, 679px\" \/><\/p>\n<hr>\n<p style=\"text-align: center;\"><img loading=\"lazy\" class=\"aligncenter size-full wp-image-916\" src=\"http:\/\/accademyc-dance.com\/wordpress\/wp-content\/uploads\/2013\/05\/swing-corsi.jpg\" alt=\"swing corsi\" width=\"661\" height=\"894\" srcset=\"http:\/\/accademyc-dance.com\/wordpress\/wp-content\/uploads\/2013\/05\/swing-corsi.jpg 661w, http:\/\/accademyc-dance.com\/wordpress\/wp-content\/uploads\/2013\/05\/swing-corsi-221x300.jpg 221w, http:\/\/accademyc-dance.com\/wordpress\/wp-content\/uploads\/2013\/05\/swing-corsi-300x405.jpg 300w\" sizes=\"(max-width: 661px) 100vw, 661px\" \/><\/p>\n\n\n<figure class=\"wp-block-image size-large\"><a href=\"http:\/\/accademyc-dance.com\/wordpress\/wp-content\/uploads\/2025\/04\/5x1000-scaled.jpg\"><img loading=\"lazy\" width=\"724\" height=\"1024\" src=\"http:\/\/accademyc-dance.com\/wordpress\/wp-content\/uploads\/2025\/04\/5x1000-724x1024.jpg\" alt=\"\" class=\"wp-image-4950\" srcset=\"http:\/\/accademyc-dance.com\/wordpress\/wp-content\/uploads\/2025\/04\/5x1000-724x1024.jpg 724w, http:\/\/accademyc-dance.com\/wordpress\/wp-content\/uploads\/2025\/04\/5x1000-212x300.jpg 212w, http:\/\/accademyc-dance.com\/wordpress\/wp-content\/uploads\/2025\/04\/5x1000-768x1086.jpg 768w, http:\/\/accademyc-dance.com\/wordpress\/wp-content\/uploads\/2025\/04\/5x1000-1086x1536.jpg 1086w, http:\/\/accademyc-dance.com\/wordpress\/wp-content\/uploads\/2025\/04\/5x1000-1448x2048.jpg 1448w, http:\/\/accademyc-dance.com\/wordpress\/wp-content\/uploads\/2025\/04\/5x1000-scaled.jpg 1810w\" sizes=\"(max-width: 724px) 100vw, 724px\" \/><\/a><\/figure>\n\n\n\n<figure class=\"wp-block-image\"><img alt=\"\"\/><\/figure>\n","protected":false},"excerpt":{"rendered":"<p>SONO APERTE LE ISCRIZIONI PER LA STAGIONE ACCADEMICA 2025\/2026 Sostieni la passione, l\u2019arte e il futuro dei nostri giovani talenti!Con una semplice firma puoi fare la differenza: dona il tuo 5&#215;1000 all\u2019Associazione Accademyc Dance.Codice Fiscale: 94073690219\ud83d\udcab Firma nel riquadro \u201cSostegno agli enti del Terzo Settore\u201d nella tua dichiarazione dei redditi. Grazie di cuore da parte<a href=\"http:\/\/accademyc-dance.com\/wordpress\/?page_id=449\">[&#8230;]<\/a><\/p>\n","protected":false},"author":3,"featured_media":0,"parent":0,"menu_order":0,"comment_status":"open","ping_status":"closed","template":"","meta":[],"_links":{"self":[{"href":"http:\/\/accademyc-dance.com\/wordpress\/index.php?rest_route=\/wp\/v2\/pages\/449"}],"collection":[{"href":"http:\/\/accademyc-dance.com\/wordpress\/index.php?rest_route=\/wp\/v2\/pages"}],"about":[{"href":"http:\/\/accademyc-dance.com\/wordpress\/index.php?rest_route=\/wp\/v2\/types\/page"}],"author":[{"embeddable":true,"href":"http:\/\/accademyc-dance.com\/wordpress\/index.php?rest_route=\/wp\/v2\/users\/3"}],"replies":[{"embeddable":true,"href":"http:\/\/accademyc-dance.com\/wordpress\/index.php?rest_route=%2Fwp%2Fv2%2Fcomments&post=449"}],"version-history":[{"count":110,"href":"http:\/\/accademyc-dance.com\/wordpress\/index.php?rest_route=\/wp\/v2\/pages\/449\/revisions"}],"predecessor-version":[{"id":4965,"href":"http:\/\/accademyc-dance.com\/wordpress\/index.php?rest_route=\/wp\/v2\/pages\/449\/revisions\/4965"}],"wp:attachment":[{"href":"http:\/\/accademyc-dance.com\/wordpress\/index.php?rest_route=%2Fwp%2Fv2%2Fmedia&parent=449"}],"curies":[{"name":"wp","href":"https:\/\/api.w.org\/{rel}","templated":true}]}}